{"id":20,"date":"2019-06-06T21:25:22","date_gmt":"2019-06-06T21:25:22","guid":{"rendered":"https:\/\/sec-n.eu\/?page_id=20"},"modified":"2019-06-06T21:26:12","modified_gmt":"2019-06-06T21:26:12","slug":"ueber-und","status":"publish","type":"page","link":"https:\/\/sec-n.eu\/?page_id=20","title":{"rendered":"\u00dcber uns"},"content":{"rendered":"\n<h3 class=\"wp-block-heading\">Wir sind ein gutes&nbsp;TEAM<\/h3>\n\n\n\n<p><strong>Sec-N<\/strong> verf\u00fcgt \u00fcber tiefgreifende Expertise in den Beratungsfeldern der IT-Sicherheit, IT-Compliance, IT-Governance und IT-Awareness und das international. Aus diesen Bereichen leiten wir das Verst\u00e4ndnis f\u00fcr Ihre Informationssicherheit ab. Unsere Firmenphilosophie ist es, unseren Kunden h\u00f6chste Qualit\u00e4t, eine unabh\u00e4ngige und ehrliche Beurteilung zu bieten. Wir pflegen die N\u00e4he zu unseren Kunden &#8211; kleinere Unternehmen ebenso wie Mittelst\u00e4ndler oder gro\u00dfe Konzernverb\u00fcnde. Denn wir sind der festen \u00dcberzeugung, dass wir eine hervorragende Beratungsleistung nur in enger Zusammenarbeit mit Ihnen und Ihren Mitarbeitern leisten k\u00f6nnen.<\/p>\n\n\n\n<p> Mit einem hohen Spezialisierungsgrad und einem qualifizierten Beraterteam reichen unsere Erfahrungen in anspruchsvollen Projekten weit zur\u00fcck. Unsere Kunden profitieren sowohl von der langj\u00e4hrigen T\u00e4tigkeit unserer Berater in unterschiedlichen Fachgebieten, Branchen und Strukturen, als auch von den interdisziplin\u00e4ren Kompetenzen in der IT-Sicherheit und Datenschutz. Unser Know-how stellen wir in den Dienst Ihres Unternehmens, mit dem Fokus, die bestm\u00f6gliche L\u00f6sung f\u00fcr Ihre Zielvorstellungen zu finden und dabei die wirtschaftlichen Interessen stets im Blick zu behalten.<\/p>\n\n\n\n<p>Um permanent mit den neuen Entwicklungen am Markt, den f\u00fchrenden &#8220;Best Practices&#8221; und den regulatorischen Anforderungen durch Frameworks und Gesetze mithalten zu k\u00f6nnen arbeiten wir herstellerunabh\u00e4ngig.<\/p>\n\n\n\n<p><\/p>\n\n\n\n<p><strong>Unsere Themengebiete<\/strong><\/p>\n\n\n\n<h4 class=\"wp-block-heading\"><br>ISO\/IEC 27001 und BSI Grundschutz<\/h4>\n\n\n\n<p>Eine erfolgreiche Umsetzung etablierter Standards steht und f\u00e4llt mit der Anwendbarkeit eines Managementsystems. Wer sklavisch einem Standard folgt oder zu lasch auslegt &#8211; scheitert. Die nicht immer gleich verst\u00e4ndlichen Vorgaben m\u00fcssen auf die jeweilige Organisation angepasst werden.<\/p>\n\n\n\n<h4 class=\"wp-block-heading\">Datenschutz-Grundverordnung<\/h4>\n\n\n\n<p>Am 25. Mai 2018 tritt die neue EU-DSGVO in Kraft. Sowohl f\u00fcr Unternehmen als auch f\u00fcr Privatpersonen bringt sie viele \u00c4nderungen im Vergleich zum bisherigen BDSG mit sich. Unternehmen haben nicht mehr viel Zeit, um die vielen Neuerungen umzusetzen. Es ist jedoch wichtig, sich bereits jetzt damit auseinanderzusetzen und sich kompetent beraten zu lassen. Denn f\u00fcr die versp\u00e4tete Umsetzung der neuen Vorgaben drohen hohe Bu\u00dfgelder.<\/p>\n\n\n\n<h4 class=\"wp-block-heading\">IT-Sicherheitschecks und -audit<\/h4>\n\n\n\n<p>Ist mein Unternehmen sicher oder unsicher? Welche Risiken begleiten mich? Unsere Sicherheitschecks und Audits verwenden etablierte Methodik (BSI, ISACA u.a.) um Ihnen Antworten zu geben. Schnell, unkompliziert und preiswert.<\/p>\n\n\n\n<h4 class=\"wp-block-heading\">IoT und Industrie 4.0<\/h4>\n\n\n\n<p>W\u00e4hrend der Begriff &#8220;Industrie 4.0&#8221; die &#8220;Erfindung&#8221; deutscher Politik ist, ist &#8220;IoT&#8221; (Internet of Things) in der Welt mehr verbreitet und ist heute keine &#8220;Modeerscheinung&#8221;. In unseren Beratungen m\u00f6chten wir zun\u00e4chst (er)kl\u00e4ren, was IoT und Industrie 4.0 (und nicht 3.64) sind und warum dringender Handlungsbedarf besteht.<\/p>\n","protected":false},"excerpt":{"rendered":"<p>Wir sind ein gutes&nbsp;TEAM Sec-N verf\u00fcgt \u00fcber tiefgreifende Expertise in den Beratungsfeldern der IT-Sicherheit, IT-Compliance, IT-Governance und IT-Awareness und das international. Aus diesen Bereichen leiten wir das Verst\u00e4ndnis f\u00fcr Ihre Informationssicherheit ab. Unsere Firmenphilosophie ist es, unseren Kunden h\u00f6chste Qualit\u00e4t, eine unabh\u00e4ngige und ehrliche Beurteilung zu bieten. Wir pflegen die N\u00e4he zu unseren Kunden &#8211; &hellip; <\/p>\n<p class=\"link-more\"><a href=\"https:\/\/sec-n.eu\/?page_id=20\" class=\"more-link\"><span class=\"screen-reader-text\">\u201e\u00dcber uns\u201c<\/span> weiterlesen<\/a><\/p>\n","protected":false},"author":1,"featured_media":0,"parent":0,"menu_order":0,"comment_status":"closed","ping_status":"closed","template":"","meta":{"footnotes":""},"class_list":["post-20","page","type-page","status-publish","hentry"],"_links":{"self":[{"href":"https:\/\/sec-n.eu\/index.php?rest_route=\/wp\/v2\/pages\/20"}],"collection":[{"href":"https:\/\/sec-n.eu\/index.php?rest_route=\/wp\/v2\/pages"}],"about":[{"href":"https:\/\/sec-n.eu\/index.php?rest_route=\/wp\/v2\/types\/page"}],"author":[{"embeddable":true,"href":"https:\/\/sec-n.eu\/index.php?rest_route=\/wp\/v2\/users\/1"}],"replies":[{"embeddable":true,"href":"https:\/\/sec-n.eu\/index.php?rest_route=%2Fwp%2Fv2%2Fcomments&post=20"}],"version-history":[{"count":2,"href":"https:\/\/sec-n.eu\/index.php?rest_route=\/wp\/v2\/pages\/20\/revisions"}],"predecessor-version":[{"id":22,"href":"https:\/\/sec-n.eu\/index.php?rest_route=\/wp\/v2\/pages\/20\/revisions\/22"}],"wp:attachment":[{"href":"https:\/\/sec-n.eu\/index.php?rest_route=%2Fwp%2Fv2%2Fmedia&parent=20"}],"curies":[{"name":"wp","href":"https:\/\/api.w.org\/{rel}","templated":true}]}}