{"id":28,"date":"2019-06-06T21:41:26","date_gmt":"2019-06-06T21:41:26","guid":{"rendered":"https:\/\/sec-n.eu\/?page_id=28"},"modified":"2020-02-17T11:31:15","modified_gmt":"2020-02-17T11:31:15","slug":"kontakt","status":"publish","type":"page","link":"https:\/\/sec-n.eu\/?page_id=28","title":{"rendered":"Impressum \/ Kontakt"},"content":{"rendered":"\n<h1 class=\"wp-block-heading\">So erreichen Sie uns<\/h1>\n\n\n\n<h5 class=\"wp-block-heading\">Unsere Dienstleistungen ben\u00f6tigen pers\u00f6nliche Beratung. Wir freuen uns auf Sie!<\/h5>\n\n\n\n<p><strong>Sec-N UG (haftungsbeschr\u00e4nkt)<\/strong><br>Kastanienallee 21<br>D-26349 Jade<\/p>\n\n\n\n<hr class=\"wp-block-separator\"\/>\n\n\n\n<h3 class=\"wp-block-heading\">telefon +49 4454 948000<\/h3>\n\n\n\n<h3 class=\"wp-block-heading\">telefax +49 4454 948009<\/h3>\n","protected":false},"excerpt":{"rendered":"<p>So erreichen Sie uns Unsere Dienstleistungen ben\u00f6tigen pers\u00f6nliche Beratung. Wir freuen uns auf Sie! Sec-N UG (haftungsbeschr\u00e4nkt)Kastanienallee 21D-26349 Jade telefon +49 4454 948000 telefax +49 4454 948009<\/p>\n","protected":false},"author":1,"featured_media":0,"parent":0,"menu_order":0,"comment_status":"closed","ping_status":"closed","template":"","meta":{"footnotes":""},"class_list":["post-28","page","type-page","status-publish","hentry"],"_links":{"self":[{"href":"https:\/\/sec-n.eu\/index.php?rest_route=\/wp\/v2\/pages\/28"}],"collection":[{"href":"https:\/\/sec-n.eu\/index.php?rest_route=\/wp\/v2\/pages"}],"about":[{"href":"https:\/\/sec-n.eu\/index.php?rest_route=\/wp\/v2\/types\/page"}],"author":[{"embeddable":true,"href":"https:\/\/sec-n.eu\/index.php?rest_route=\/wp\/v2\/users\/1"}],"replies":[{"embeddable":true,"href":"https:\/\/sec-n.eu\/index.php?rest_route=%2Fwp%2Fv2%2Fcomments&post=28"}],"version-history":[{"count":3,"href":"https:\/\/sec-n.eu\/index.php?rest_route=\/wp\/v2\/pages\/28\/revisions"}],"predecessor-version":[{"id":36,"href":"https:\/\/sec-n.eu\/index.php?rest_route=\/wp\/v2\/pages\/28\/revisions\/36"}],"wp:attachment":[{"href":"https:\/\/sec-n.eu\/index.php?rest_route=%2Fwp%2Fv2%2Fmedia&parent=28"}],"curies":[{"name":"wp","href":"https:\/\/api.w.org\/{rel}","templated":true}]}}